{"id":14093,"date":"2025-08-21T00:38:57","date_gmt":"2025-08-20T22:38:57","guid":{"rendered":"https:\/\/andttonics.com\/hu\/?post_type=product&#038;p=14093"},"modified":"2025-08-21T00:45:37","modified_gmt":"2025-08-20T22:45:37","slug":"t-pink-grapefruit-soda","status":"publish","type":"product","link":"https:\/\/andttonics.com\/hu\/termek\/t-pink-grapefruit-soda\/","title":{"rendered":"&#038;T Pink Grapefruit Soda"},"content":{"rendered":"","protected":false},"excerpt":{"rendered":"<p>Ez a friss\u00edt\u0151, karakteres sz\u00f3da a citrusok rajong\u00f3inak \u00faj kedvence lesz. A grapefruit jellegzetesen fanyar, enyh\u00e9n keserny\u00e9s \u00edze t\u00f6k\u00e9letesen kiegyens\u00falyozott ebben az italban: egyszerre \u00e9l\u00e9nk\u00edt\u0151 \u00e9s kifinomultan \u00fcd\u00edt\u0151. A gondosan v\u00e1logatott term\u00e9szetes alapanyagoknak k\u00f6sz\u00f6nhet\u0151en a sz\u00f3da intenz\u00edv, m\u00e9gis letisztult \u00edzvil\u00e1ga ide\u00e1lis \u00f6nmag\u00e1ban fogyasztva, de pr\u00e9mium min\u0151s\u00e9g\u0171 long drinkek alapjak\u00e9nt is remek v\u00e1laszt\u00e1s. Letisztult. Karakteres. Term\u00e9szetes. Ez az &amp;T.<\/p>\n","protected":false},"featured_media":14092,"comment_status":"open","ping_status":"closed","template":"","meta":[],"product_brand":[],"product_cat":[80],"product_tag":[91],"class_list":{"0":"post-14093","1":"product","2":"type-product","3":"status-publish","4":"has-post-thumbnail","6":"product_cat-soft-drink","7":"product_tag-pink","9":"first","10":"instock","11":"shipping-taxable","12":"product-type-simple"},"_links":{"self":[{"href":"https:\/\/andttonics.com\/hu\/wp-json\/wp\/v2\/product\/14093","targetHints":{"allow":["GET"]}}],"collection":[{"href":"https:\/\/andttonics.com\/hu\/wp-json\/wp\/v2\/product"}],"about":[{"href":"https:\/\/andttonics.com\/hu\/wp-json\/wp\/v2\/types\/product"}],"replies":[{"embeddable":true,"href":"https:\/\/andttonics.com\/hu\/wp-json\/wp\/v2\/comments?post=14093"}],"version-history":[{"count":2,"href":"https:\/\/andttonics.com\/hu\/wp-json\/wp\/v2\/product\/14093\/revisions"}],"predecessor-version":[{"id":14095,"href":"https:\/\/andttonics.com\/hu\/wp-json\/wp\/v2\/product\/14093\/revisions\/14095"}],"wp:featuredmedia":[{"embeddable":true,"href":"https:\/\/andttonics.com\/hu\/wp-json\/wp\/v2\/media\/14092"}],"wp:attachment":[{"href":"https:\/\/andttonics.com\/hu\/wp-json\/wp\/v2\/media?parent=14093"}],"wp:term":[{"taxonomy":"product_brand","embeddable":true,"href":"https:\/\/andttonics.com\/hu\/wp-json\/wp\/v2\/product_brand?post=14093"},{"taxonomy":"product_cat","embeddable":true,"href":"https:\/\/andttonics.com\/hu\/wp-json\/wp\/v2\/product_cat?post=14093"},{"taxonomy":"product_tag","embeddable":true,"href":"https:\/\/andttonics.com\/hu\/wp-json\/wp\/v2\/product_tag?post=14093"}],"curies":[{"name":"wp","href":"https:\/\/api.w.org\/{rel}","templated":true}]}}