{"id":14036,"date":"2024-10-05T15:51:59","date_gmt":"2024-10-05T13:51:59","guid":{"rendered":"https:\/\/andttonics.com\/hu\/?post_type=product&#038;p=14036"},"modified":"2024-10-05T20:31:51","modified_gmt":"2024-10-05T18:31:51","slug":"t-tonics-kotott-sapka","status":"publish","type":"product","link":"https:\/\/andttonics.com\/hu\/termek\/t-tonics-kotott-sapka\/","title":{"rendered":"&#038;T Tonics K\u00f6t\u00f6tt sapka"},"content":{"rendered":"<p>Az &amp;T k\u00f6t\u00f6tt sapka nemcsak melegen tart, de garant\u00e1ltan feldobja a szettedet is! A h\u0171v\u00f6sebb napok t\u00f6k\u00e9letes t\u00e1rsa, amit im\u00e1dni fogsz. A 3D h\u00edmz\u00e9s extra men\u0151s\u00e9get ad neki, \u00edgy nem csak funkcion\u00e1lis, de igaz\u00e1n st\u00edlusos is.<\/p>\n","protected":false},"excerpt":{"rendered":"<p>Az &amp;T k\u00f6t\u00f6tt sapka nemcsak melegen tart, de garant\u00e1ltan feldobja a szettedet is! A h\u0171v\u00f6sebb napok t\u00f6k\u00e9letes t\u00e1rsa, amit im\u00e1dni<\/p>\n","protected":false},"featured_media":14037,"comment_status":"open","ping_status":"closed","template":"","meta":[],"product_brand":[],"product_cat":[85],"product_tag":[],"class_list":{"0":"post-14036","1":"product","2":"type-product","3":"status-publish","4":"has-post-thumbnail","6":"product_cat-kiegeszitok","8":"first","9":"instock","10":"shipping-taxable","11":"product-type-simple"},"_links":{"self":[{"href":"https:\/\/andttonics.com\/hu\/wp-json\/wp\/v2\/product\/14036","targetHints":{"allow":["GET"]}}],"collection":[{"href":"https:\/\/andttonics.com\/hu\/wp-json\/wp\/v2\/product"}],"about":[{"href":"https:\/\/andttonics.com\/hu\/wp-json\/wp\/v2\/types\/product"}],"replies":[{"embeddable":true,"href":"https:\/\/andttonics.com\/hu\/wp-json\/wp\/v2\/comments?post=14036"}],"version-history":[{"count":3,"href":"https:\/\/andttonics.com\/hu\/wp-json\/wp\/v2\/product\/14036\/revisions"}],"predecessor-version":[{"id":14041,"href":"https:\/\/andttonics.com\/hu\/wp-json\/wp\/v2\/product\/14036\/revisions\/14041"}],"wp:featuredmedia":[{"embeddable":true,"href":"https:\/\/andttonics.com\/hu\/wp-json\/wp\/v2\/media\/14037"}],"wp:attachment":[{"href":"https:\/\/andttonics.com\/hu\/wp-json\/wp\/v2\/media?parent=14036"}],"wp:term":[{"taxonomy":"product_brand","embeddable":true,"href":"https:\/\/andttonics.com\/hu\/wp-json\/wp\/v2\/product_brand?post=14036"},{"taxonomy":"product_cat","embeddable":true,"href":"https:\/\/andttonics.com\/hu\/wp-json\/wp\/v2\/product_cat?post=14036"},{"taxonomy":"product_tag","embeddable":true,"href":"https:\/\/andttonics.com\/hu\/wp-json\/wp\/v2\/product_tag?post=14036"}],"curies":[{"name":"wp","href":"https:\/\/api.w.org\/{rel}","templated":true}]}}