{"id":11836,"date":"2022-10-05T21:16:52","date_gmt":"2022-10-05T19:16:52","guid":{"rendered":"https:\/\/andttonics.com\/hu\/?post_type=product&#038;p=11836"},"modified":"2023-12-24T21:51:08","modified_gmt":"2023-12-24T20:51:08","slug":"andt-cola-with-a-smoky-twist","status":"publish","type":"product","link":"https:\/\/andttonics.com\/hu\/termek\/andt-cola-with-a-smoky-twist\/","title":{"rendered":"&#038;T Cola With a Smoky Twist"},"content":{"rendered":"","protected":false},"excerpt":{"rendered":"<p>A k\u00f3la t\u00f6bb mint egy friss\u00edt\u0151 ital, maga az amerikai \u00e1lom \u00fcvegbe z\u00e1rva. Olyan ikonikus \u00fcd\u00edt\u0151, amir\u0151l mindenkinek van egy kedves eml\u00e9ke. K\u00f3l\u00e1nk ennek az \u00e9lm\u00e9nynek az \u00e9des visszhangja, \u00f6r\u00f6k klasszikus ravasz fordulattal. Term\u00e9szetes gy\u00f6mb\u00e9r \u00e9s koffein aroma felhaszn\u00e1s\u00e1val \u00e9s egy f\u00fcst\u00f6s csavarral k\u00e9sz\u00edtve, b\u00e1rmelyik whiskey, bourbon vagy rum t\u00f6k\u00e9letes \u2018tettest\u00e1rsa\u2019. Egy\u00fctt minden bizonnyal valami j\u00f3ban s\u00e1ntik\u00e1lnak.<\/p>\n","protected":false},"featured_media":13916,"comment_status":"open","ping_status":"closed","template":"","meta":[],"product_brand":[],"product_cat":[80],"product_tag":[83],"class_list":{"0":"post-11836","1":"product","2":"type-product","3":"status-publish","4":"has-post-thumbnail","6":"product_cat-soft-drink","7":"product_tag-mischievous","9":"first","10":"instock","11":"shipping-taxable","12":"product-type-simple"},"_links":{"self":[{"href":"https:\/\/andttonics.com\/hu\/wp-json\/wp\/v2\/product\/11836","targetHints":{"allow":["GET"]}}],"collection":[{"href":"https:\/\/andttonics.com\/hu\/wp-json\/wp\/v2\/product"}],"about":[{"href":"https:\/\/andttonics.com\/hu\/wp-json\/wp\/v2\/types\/product"}],"replies":[{"embeddable":true,"href":"https:\/\/andttonics.com\/hu\/wp-json\/wp\/v2\/comments?post=11836"}],"version-history":[{"count":2,"href":"https:\/\/andttonics.com\/hu\/wp-json\/wp\/v2\/product\/11836\/revisions"}],"predecessor-version":[{"id":13888,"href":"https:\/\/andttonics.com\/hu\/wp-json\/wp\/v2\/product\/11836\/revisions\/13888"}],"wp:featuredmedia":[{"embeddable":true,"href":"https:\/\/andttonics.com\/hu\/wp-json\/wp\/v2\/media\/13916"}],"wp:attachment":[{"href":"https:\/\/andttonics.com\/hu\/wp-json\/wp\/v2\/media?parent=11836"}],"wp:term":[{"taxonomy":"product_brand","embeddable":true,"href":"https:\/\/andttonics.com\/hu\/wp-json\/wp\/v2\/product_brand?post=11836"},{"taxonomy":"product_cat","embeddable":true,"href":"https:\/\/andttonics.com\/hu\/wp-json\/wp\/v2\/product_cat?post=11836"},{"taxonomy":"product_tag","embeddable":true,"href":"https:\/\/andttonics.com\/hu\/wp-json\/wp\/v2\/product_tag?post=11836"}],"curies":[{"name":"wp","href":"https:\/\/api.w.org\/{rel}","templated":true}]}}