{"id":11834,"date":"2022-10-05T21:14:28","date_gmt":"2022-10-05T19:14:28","guid":{"rendered":"https:\/\/andttonics.com\/hu\/?post_type=product&#038;p=11834"},"modified":"2023-12-24T22:32:26","modified_gmt":"2023-12-24T21:32:26","slug":"andt-classic-ginger-ale","status":"publish","type":"product","link":"https:\/\/andttonics.com\/hu\/termek\/andt-classic-ginger-ale\/","title":{"rendered":"&#038;T Classic Ginger Ale"},"content":{"rendered":"","protected":false},"excerpt":{"rendered":"<p>Kellemesen pezsd\u00edt\u0151 &amp;T Classic Ginger Ale, gy\u00f6mb\u00e9rs\u00f6r\u00fcnk \u00e9des, de legbel\u00fcl m\u00e9g mindig huncut nagytestv\u00e9re. A term\u00e9szetes arom\u00e1knak \u00e9s min\u0151s\u00e9gi gy\u00f6mb\u00e9r kivonatnak k\u00f6sz\u00f6nhet\u0151en mag\u00e1ban hordozza a f\u0171szern\u00f6v\u00e9ny \u00f6sszes gy\u00f3gyhat\u00e1s\u00e1t, de egy l\u00e1gyabb \u00edzpalett\u00e1val b\u0171v\u00f6li el a klasszikus \u00edzek kedvel\u0151it. Remek\u00fcl k\u00eds\u00e9ri a s\u00f6t\u00e9tebb alkoholos italokat, mint a whiskey vagy rum, de \u00fcd\u00edt\u0151italk\u00e9nt is ellen\u00e1lhatatlanul sz\u00f3l\u00f3zik.<\/p>\n","protected":false},"featured_media":13954,"comment_status":"open","ping_status":"closed","template":"","meta":[],"product_brand":[],"product_cat":[80],"product_tag":[82],"class_list":{"0":"post-11834","1":"product","2":"type-product","3":"status-publish","4":"has-post-thumbnail","6":"product_cat-soft-drink","7":"product_tag-mellow","9":"first","10":"instock","11":"shipping-taxable","12":"product-type-simple"},"_links":{"self":[{"href":"https:\/\/andttonics.com\/hu\/wp-json\/wp\/v2\/product\/11834","targetHints":{"allow":["GET"]}}],"collection":[{"href":"https:\/\/andttonics.com\/hu\/wp-json\/wp\/v2\/product"}],"about":[{"href":"https:\/\/andttonics.com\/hu\/wp-json\/wp\/v2\/types\/product"}],"replies":[{"embeddable":true,"href":"https:\/\/andttonics.com\/hu\/wp-json\/wp\/v2\/comments?post=11834"}],"version-history":[{"count":1,"href":"https:\/\/andttonics.com\/hu\/wp-json\/wp\/v2\/product\/11834\/revisions"}],"predecessor-version":[{"id":13913,"href":"https:\/\/andttonics.com\/hu\/wp-json\/wp\/v2\/product\/11834\/revisions\/13913"}],"wp:featuredmedia":[{"embeddable":true,"href":"https:\/\/andttonics.com\/hu\/wp-json\/wp\/v2\/media\/13954"}],"wp:attachment":[{"href":"https:\/\/andttonics.com\/hu\/wp-json\/wp\/v2\/media?parent=11834"}],"wp:term":[{"taxonomy":"product_brand","embeddable":true,"href":"https:\/\/andttonics.com\/hu\/wp-json\/wp\/v2\/product_brand?post=11834"},{"taxonomy":"product_cat","embeddable":true,"href":"https:\/\/andttonics.com\/hu\/wp-json\/wp\/v2\/product_cat?post=11834"},{"taxonomy":"product_tag","embeddable":true,"href":"https:\/\/andttonics.com\/hu\/wp-json\/wp\/v2\/product_tag?post=11834"}],"curies":[{"name":"wp","href":"https:\/\/api.w.org\/{rel}","templated":true}]}}