{"id":11832,"date":"2022-10-05T21:11:48","date_gmt":"2022-10-05T19:11:48","guid":{"rendered":"https:\/\/andttonics.com\/hu\/?post_type=product&#038;p=11832"},"modified":"2023-12-24T22:12:56","modified_gmt":"2023-12-24T21:12:56","slug":"andt-spicy-ginger-beer","status":"publish","type":"product","link":"https:\/\/andttonics.com\/hu\/termek\/andt-spicy-ginger-beer\/","title":{"rendered":"&#038;T Spicy Ginger Beer"},"content":{"rendered":"","protected":false},"excerpt":{"rendered":"<p>Pimaszul pik\u00e1ns \u00e9s friss\u00edt\u0151en t\u00fczes, ez az &amp;T Spicy Ginger Beer. Term\u00e9szetes gy\u00f6mb\u00e9rkivonattal \u00e9s az &amp;T-t\u0151l megszokott pr\u00e9mium min\u0151s\u00e9g\u0171 alapanyagok felhaszn\u00e1l\u00e1s\u00e1val k\u00e9sz\u00fclt, alkoholmentes gy\u00f6mb\u00e9rs\u00f6r. Egy k\u00fcl\u00f6nleges mixer az igaz\u00e1n kalandv\u00e1gy\u00f3k sz\u00e1m\u00e1ra. \u00d6nmag\u00e1ban fogyasztva, vagy a legkiv\u00e1l\u00f3bb alkoholos italokkal keverve, garant\u00e1ltan felt\u00fczeli a hangulatot.<\/p>\n","protected":false},"featured_media":13912,"comment_status":"open","ping_status":"closed","template":"","meta":[],"product_brand":[],"product_cat":[80],"product_tag":[81],"class_list":{"0":"post-11832","1":"product","2":"type-product","3":"status-publish","4":"has-post-thumbnail","6":"product_cat-soft-drink","7":"product_tag-piquant","9":"first","10":"instock","11":"shipping-taxable","12":"product-type-simple"},"_links":{"self":[{"href":"https:\/\/andttonics.com\/hu\/wp-json\/wp\/v2\/product\/11832","targetHints":{"allow":["GET"]}}],"collection":[{"href":"https:\/\/andttonics.com\/hu\/wp-json\/wp\/v2\/product"}],"about":[{"href":"https:\/\/andttonics.com\/hu\/wp-json\/wp\/v2\/types\/product"}],"replies":[{"embeddable":true,"href":"https:\/\/andttonics.com\/hu\/wp-json\/wp\/v2\/comments?post=11832"}],"version-history":[{"count":1,"href":"https:\/\/andttonics.com\/hu\/wp-json\/wp\/v2\/product\/11832\/revisions"}],"predecessor-version":[{"id":13921,"href":"https:\/\/andttonics.com\/hu\/wp-json\/wp\/v2\/product\/11832\/revisions\/13921"}],"wp:featuredmedia":[{"embeddable":true,"href":"https:\/\/andttonics.com\/hu\/wp-json\/wp\/v2\/media\/13912"}],"wp:attachment":[{"href":"https:\/\/andttonics.com\/hu\/wp-json\/wp\/v2\/media?parent=11832"}],"wp:term":[{"taxonomy":"product_brand","embeddable":true,"href":"https:\/\/andttonics.com\/hu\/wp-json\/wp\/v2\/product_brand?post=11832"},{"taxonomy":"product_cat","embeddable":true,"href":"https:\/\/andttonics.com\/hu\/wp-json\/wp\/v2\/product_cat?post=11832"},{"taxonomy":"product_tag","embeddable":true,"href":"https:\/\/andttonics.com\/hu\/wp-json\/wp\/v2\/product_tag?post=11832"}],"curies":[{"name":"wp","href":"https:\/\/api.w.org\/{rel}","templated":true}]}}